{"id":104,"date":"2022-10-19T13:02:04","date_gmt":"2022-10-19T11:02:04","guid":{"rendered":"https:\/\/www.duperrex-international.com\/?page_id=104"},"modified":"2025-03-14T09:04:17","modified_gmt":"2025-03-14T08:04:17","slug":"demenagement-international-d-entreprise","status":"publish","type":"page","link":"https:\/\/www.duperrex-international.com\/fr\/demenagement-international-d-entreprise\/","title":{"rendered":"D\u00e9m\u00e9nagement international d&rsquo;entreprise"},"content":{"rendered":"<p>[et_pb_section fb_built=\u00a0\u00bb1&Prime; _builder_version=\u00a0\u00bb4.20.2&Prime; _module_preset=\u00a0\u00bbdefault\u00a0\u00bb background_color=\u00a0\u00bbRGBA(255,255,255,0)\u00a0\u00bb background_image=\u00a0\u00bbhttps:\/\/www.duperrex-international.com\/wp-content\/uploads\/2022\/12\/header-di-company.webp\u00a0\u00bb background_blend=\u00a0\u00bbmultiply\u00a0\u00bb min_height=\u00a0\u00bb400px\u00a0\u00bb background_last_edited=\u00a0\u00bbon|phone\u00a0\u00bb background_image_phone=\u00a0\u00bbhttps:\/\/www.duperrex-international.com\/wp-content\/uploads\/2023\/04\/Monde-1.png\u00a0\u00bb background_enable_image_phone=\u00a0\u00bbon\u00a0\u00bb global_colors_info=\u00a0\u00bb{}\u00a0\u00bb][\/et_pb_section][et_pb_section fb_built=\u00a0\u00bb1&Prime; _builder_version=\u00a0\u00bb4.18.0&Prime; _module_preset=\u00a0\u00bbdefault\u00a0\u00bb global_colors_info=\u00a0\u00bb{}\u00a0\u00bb][et_pb_row _builder_version=\u00a0\u00bb4.18.0&Prime; _module_preset=\u00a0\u00bbdefault\u00a0\u00bb custom_margin=\u00a0\u00bb11px|auto||auto|false|false\u00a0\u00bb global_colors_info=\u00a0\u00bb{}\u00a0\u00bb][et_pb_column type=\u00a0\u00bb4_4&Prime; _builder_version=\u00a0\u00bb4.18.0&Prime; _module_preset=\u00a0\u00bbdefault\u00a0\u00bb global_colors_info=\u00a0\u00bb{}\u00a0\u00bb][et_pb_text _builder_version=\u00a0\u00bb4.27.2&Prime; _module_preset=\u00a0\u00bbdefault\u00a0\u00bb header_text_color=\u00a0\u00bb#FFFFFF\u00a0\u00bb global_colors_info=\u00a0\u00bb{}\u00a0\u00bb]<\/p>\n<h2 style=\"text-align: center;\"><span style=\"color: #000000;\">D\u00e9m\u00e9nagement international d&rsquo;entreprise: une transition sans faille<\/span><\/h2>\n<p>[\/et_pb_text][\/et_pb_column][\/et_pb_row][et_pb_row _builder_version=\u00a0\u00bb4.18.0&Prime; _module_preset=\u00a0\u00bbdefault\u00a0\u00bb global_colors_info=\u00a0\u00bb{}\u00a0\u00bb][et_pb_column type=\u00a0\u00bb4_4&Prime; _builder_version=\u00a0\u00bb4.18.0&Prime; _module_preset=\u00a0\u00bbdefault\u00a0\u00bb global_colors_info=\u00a0\u00bb{}\u00a0\u00bb][et_pb_text _builder_version=\u00a0\u00bb4.27.2&Prime; _module_preset=\u00a0\u00bbdefault\u00a0\u00bb width=\u00a0\u00bb80%\u00a0\u00bb module_alignment=\u00a0\u00bbcenter\u00a0\u00bb global_colors_info=\u00a0\u00bb{}\u00a0\u00bb]<\/p>\n<p style=\"text-align: left;\">Le <strong>d\u00e9m\u00e9nagement international d\u2019une entreprise<\/strong> est une \u00e9tape strat\u00e9gique n\u00e9cessitant une planification rigoureuse. Chez <strong>Duperrex International Limited<\/strong>, nous mettons \u00e0 votre disposition une expertise \u00e9prouv\u00e9e et les ressources n\u00e9cessaires pour garantir une transition fluide, sans interruptions majeures pour vos activit\u00e9s.<\/p>\n<p style=\"text-align: left;\"><strong>Un accompagnement professionnel \u00e0 chaque \u00e9tape<\/strong><br \/>Que vous dirigiez un petit commerce, une entreprise de taille moyenne ou un grand groupe industriel avec des usines de production, nous adaptons nos solutions \u00e0 vos besoins sp\u00e9cifiques. Nos services incluent :<\/p>\n<ul style=\"text-align: left;\">\n<li><strong>Attribution d\u2019une \u00e9quipe d\u00e9di\u00e9e<\/strong> : des professionnels qualifi\u00e9s pour g\u00e9rer chaque aspect du d\u00e9m\u00e9nagement.<\/li>\n<li><strong>Mat\u00e9riel de manutention et d\u2019emballage ad\u00e9quat<\/strong> : pour prot\u00e9ger vos \u00e9quipements sensibles et vos biens les plus pr\u00e9cieux.<\/li>\n<li><strong>Respect strict des d\u00e9lais<\/strong> : afin de minimiser les interruptions de vos op\u00e9rations.<\/li>\n<\/ul>\n<p style=\"text-align: left;\"><strong>Gestion experte des formalit\u00e9s douani\u00e8res<\/strong><br \/>Les proc\u00e9dures de passage en douane peuvent devenir un casse-t\u00eate co\u00fbteux si elles sont mal planifi\u00e9es. Gr\u00e2ce \u00e0 notre exp\u00e9rience et \u00e0 notre connaissance approfondie des r\u00e9glementations internationales, nous simplifions ces d\u00e9marches et \u00e9vitons les retards ou les d\u00e9penses inutiles.<\/p>\n<p style=\"text-align: left;\"><strong>Des solutions sur mesure pour vos besoins sp\u00e9cifiques<\/strong><br \/>Nos experts prennent le temps de comprendre vos besoins et d\u2019\u00e9laborer une strat\u00e9gie logistique adapt\u00e9e. Voici ce que nous vous garantissons :<\/p>\n<ul style=\"text-align: left;\">\n<li><strong>Offres personnalis\u00e9es et transparentes<\/strong> : nos devis sont gratuits, d\u00e9taill\u00e9s et garantis sans d\u00e9passement, pour un contr\u00f4le total de votre budget.<\/li>\n<li><strong>Un interlocuteur unique<\/strong> : disponible pour r\u00e9pondre \u00e0 toutes vos questions, de la premi\u00e8re visite jusqu\u2019\u00e0 la reprise de vos activit\u00e9s dans vos nouveaux locaux.<\/li>\n<\/ul>\n<p style=\"text-align: left;\">Faites confiance \u00e0 <strong>Duperrex International Limited<\/strong>\u00a0pour transformer ce moment cl\u00e9 en une exp\u00e9rience positive et sans stress. Contactez-nous d\u00e8s aujourd\u2019hui pour discuter de votre projet de d\u00e9m\u00e9nagement international d\u2019entreprise.<\/p>\n<p>[\/et_pb_text][et_pb_button button_url=\u00a0\u00bbhttps:\/\/www.duperrex-international.com\/fr\/contact\/\u00a0\u00bb button_text=\u00a0\u00bbContactez-nous\u00a0\u00bb button_alignment=\u00a0\u00bbcenter\u00a0\u00bb _builder_version=\u00a0\u00bb4.20.2&Prime; _module_preset=\u00a0\u00bbdefault\u00a0\u00bb custom_button=\u00a0\u00bbon\u00a0\u00bb button_border_color=\u00a0\u00bb#C42815&Prime; button_use_icon=\u00a0\u00bboff\u00a0\u00bb custom_margin=\u00a0\u00bb50px||20px||false|false\u00a0\u00bb global_colors_info=\u00a0\u00bb{}\u00a0\u00bb][\/et_pb_button][\/et_pb_column][\/et_pb_row][\/et_pb_section]<\/p>\n","protected":false},"excerpt":{"rendered":"<p>D\u00e9m\u00e9nagement international d&rsquo;entreprise: une transition sans failleLe d\u00e9m\u00e9nagement international d\u2019une entreprise est une \u00e9tape strat\u00e9gique n\u00e9cessitant une planification rigoureuse. Chez Duperrex International Limited, nous mettons \u00e0 votre disposition une expertise \u00e9prouv\u00e9e et les ressources n\u00e9cessaires pour garantir une transition fluide, sans interruptions majeures pour vos activit\u00e9s. Un accompagnement professionnel \u00e0 chaque \u00e9tapeQue vous dirigiez un [&hellip;]<\/p>\n","protected":false},"author":2,"featured_media":0,"parent":0,"menu_order":0,"comment_status":"closed","ping_status":"closed","template":"","meta":{"_et_pb_use_builder":"on","_et_pb_old_content":"","_et_gb_content_width":"","footnotes":""},"class_list":["post-104","page","type-page","status-publish","hentry"],"yoast_head":"<!-- This site is optimized with the Yoast SEO Premium plugin v25.3 (Yoast SEO v27.1.1) - https:\/\/yoast.com\/product\/yoast-seo-premium-wordpress\/ -->\n<title>D\u00e9m\u00e9nagement international d&#039;entreprise - Duperrex International Limited<\/title>\n<meta name=\"description\" content=\"Confiez votre d\u00e9m\u00e9nagement international d\u2019entreprise \u00e0 Duperrex International Limited. Planification sur mesure, gestion des formalit\u00e9s douani\u00e8res et solutions adapt\u00e9es \u00e0 vos besoins, pour une transition fluide et sans stress.\" \/>\n<meta name=\"robots\" content=\"index, follow, max-snippet:-1, max-image-preview:large, max-video-preview:-1\" \/>\n<link rel=\"canonical\" href=\"https:\/\/www.duperrex-international.com\/fr\/demenagement-international-d-entreprise\/\" \/>\n<meta property=\"og:locale\" content=\"fr_FR\" \/>\n<meta property=\"og:type\" content=\"article\" \/>\n<meta property=\"og:title\" content=\"D\u00e9m\u00e9nagement international d&#039;entreprise\" \/>\n<meta property=\"og:description\" content=\"Confiez votre d\u00e9m\u00e9nagement international d\u2019entreprise \u00e0 Duperrex International Limited. Planification sur mesure, gestion des formalit\u00e9s douani\u00e8res et solutions adapt\u00e9es \u00e0 vos besoins, pour une transition fluide et sans stress.\" \/>\n<meta property=\"og:url\" content=\"https:\/\/www.duperrex-international.com\/fr\/demenagement-international-d-entreprise\/\" \/>\n<meta property=\"og:site_name\" content=\"Duperrex International Limited\" \/>\n<meta property=\"article:modified_time\" content=\"2025-03-14T08:04:17+00:00\" \/>\n<meta name=\"twitter:card\" content=\"summary_large_image\" \/>\n<meta name=\"twitter:label1\" content=\"Dur\u00e9e de lecture estim\u00e9e\" \/>\n\t<meta name=\"twitter:data1\" content=\"2 minutes\" \/>\n<script type=\"application\/ld+json\" class=\"yoast-schema-graph\">{\"@context\":\"https:\/\/schema.org\",\"@graph\":[{\"@type\":\"WebPage\",\"@id\":\"https:\/\/www.duperrex-international.com\/fr\/demenagement-international-d-entreprise\/\",\"url\":\"https:\/\/www.duperrex-international.com\/fr\/demenagement-international-d-entreprise\/\",\"name\":\"D\u00e9m\u00e9nagement international d'entreprise - Duperrex International Limited\",\"isPartOf\":{\"@id\":\"https:\/\/www.duperrex-international.com\/fr\/#website\"},\"datePublished\":\"2022-10-19T11:02:04+00:00\",\"dateModified\":\"2025-03-14T08:04:17+00:00\",\"description\":\"Confiez votre d\u00e9m\u00e9nagement international d\u2019entreprise \u00e0 Duperrex International Limited. Planification sur mesure, gestion des formalit\u00e9s douani\u00e8res et solutions adapt\u00e9es \u00e0 vos besoins, pour une transition fluide et sans stress.\",\"breadcrumb\":{\"@id\":\"https:\/\/www.duperrex-international.com\/fr\/demenagement-international-d-entreprise\/#breadcrumb\"},\"inLanguage\":\"fr-FR\",\"potentialAction\":[{\"@type\":\"ReadAction\",\"target\":[\"https:\/\/www.duperrex-international.com\/fr\/demenagement-international-d-entreprise\/\"]}]},{\"@type\":\"BreadcrumbList\",\"@id\":\"https:\/\/www.duperrex-international.com\/fr\/demenagement-international-d-entreprise\/#breadcrumb\",\"itemListElement\":[{\"@type\":\"ListItem\",\"position\":1,\"name\":\"Accueil\",\"item\":\"https:\/\/www.duperrex-international.com\/fr\/\"},{\"@type\":\"ListItem\",\"position\":2,\"name\":\"D\u00e9m\u00e9nagement international d&rsquo;entreprise\"}]},{\"@type\":\"WebSite\",\"@id\":\"https:\/\/www.duperrex-international.com\/fr\/#website\",\"url\":\"https:\/\/www.duperrex-international.com\/fr\/\",\"name\":\"Duperrex International Limited\",\"description\":\"Always on the move!\",\"publisher\":{\"@id\":\"https:\/\/www.duperrex-international.com\/fr\/#organization\"},\"potentialAction\":[{\"@type\":\"SearchAction\",\"target\":{\"@type\":\"EntryPoint\",\"urlTemplate\":\"https:\/\/www.duperrex-international.com\/fr\/?s={search_term_string}\"},\"query-input\":{\"@type\":\"PropertyValueSpecification\",\"valueRequired\":true,\"valueName\":\"search_term_string\"}}],\"inLanguage\":\"fr-FR\"},{\"@type\":\"Organization\",\"@id\":\"https:\/\/www.duperrex-international.com\/fr\/#organization\",\"name\":\"Duperrex International Limited\",\"url\":\"https:\/\/www.duperrex-international.com\/fr\/\",\"logo\":{\"@type\":\"ImageObject\",\"inLanguage\":\"fr-FR\",\"@id\":\"https:\/\/www.duperrex-international.com\/fr\/#\/schema\/logo\/image\/\",\"url\":\"https:\/\/www.duperrex-international.com\/wp-content\/uploads\/2025\/01\/Duperrex-International-pdf.jpg\",\"contentUrl\":\"https:\/\/www.duperrex-international.com\/wp-content\/uploads\/2025\/01\/Duperrex-International-pdf.jpg\",\"width\":670,\"height\":130,\"caption\":\"Duperrex International Limited\"},\"image\":{\"@id\":\"https:\/\/www.duperrex-international.com\/fr\/#\/schema\/logo\/image\/\"},\"sameAs\":[\"https:\/\/www.instagram.com\/duperrex.freres.sa\/\"]}]}<\/script>\n<!-- \/ Yoast SEO Premium plugin. -->","yoast_head_json":{"title":"D\u00e9m\u00e9nagement international d'entreprise - Duperrex International Limited","description":"Confiez votre d\u00e9m\u00e9nagement international d\u2019entreprise \u00e0 Duperrex International Limited. Planification sur mesure, gestion des formalit\u00e9s douani\u00e8res et solutions adapt\u00e9es \u00e0 vos besoins, pour une transition fluide et sans stress.","robots":{"index":"index","follow":"follow","max-snippet":"max-snippet:-1","max-image-preview":"max-image-preview:large","max-video-preview":"max-video-preview:-1"},"canonical":"https:\/\/www.duperrex-international.com\/fr\/demenagement-international-d-entreprise\/","og_locale":"fr_FR","og_type":"article","og_title":"D\u00e9m\u00e9nagement international d'entreprise","og_description":"Confiez votre d\u00e9m\u00e9nagement international d\u2019entreprise \u00e0 Duperrex International Limited. Planification sur mesure, gestion des formalit\u00e9s douani\u00e8res et solutions adapt\u00e9es \u00e0 vos besoins, pour une transition fluide et sans stress.","og_url":"https:\/\/www.duperrex-international.com\/fr\/demenagement-international-d-entreprise\/","og_site_name":"Duperrex International Limited","article_modified_time":"2025-03-14T08:04:17+00:00","twitter_card":"summary_large_image","twitter_misc":{"Dur\u00e9e de lecture estim\u00e9e":"2 minutes"},"schema":{"@context":"https:\/\/schema.org","@graph":[{"@type":"WebPage","@id":"https:\/\/www.duperrex-international.com\/fr\/demenagement-international-d-entreprise\/","url":"https:\/\/www.duperrex-international.com\/fr\/demenagement-international-d-entreprise\/","name":"D\u00e9m\u00e9nagement international d'entreprise - Duperrex International Limited","isPartOf":{"@id":"https:\/\/www.duperrex-international.com\/fr\/#website"},"datePublished":"2022-10-19T11:02:04+00:00","dateModified":"2025-03-14T08:04:17+00:00","description":"Confiez votre d\u00e9m\u00e9nagement international d\u2019entreprise \u00e0 Duperrex International Limited. Planification sur mesure, gestion des formalit\u00e9s douani\u00e8res et solutions adapt\u00e9es \u00e0 vos besoins, pour une transition fluide et sans stress.","breadcrumb":{"@id":"https:\/\/www.duperrex-international.com\/fr\/demenagement-international-d-entreprise\/#breadcrumb"},"inLanguage":"fr-FR","potentialAction":[{"@type":"ReadAction","target":["https:\/\/www.duperrex-international.com\/fr\/demenagement-international-d-entreprise\/"]}]},{"@type":"BreadcrumbList","@id":"https:\/\/www.duperrex-international.com\/fr\/demenagement-international-d-entreprise\/#breadcrumb","itemListElement":[{"@type":"ListItem","position":1,"name":"Accueil","item":"https:\/\/www.duperrex-international.com\/fr\/"},{"@type":"ListItem","position":2,"name":"D\u00e9m\u00e9nagement international d&rsquo;entreprise"}]},{"@type":"WebSite","@id":"https:\/\/www.duperrex-international.com\/fr\/#website","url":"https:\/\/www.duperrex-international.com\/fr\/","name":"Duperrex International Limited","description":"Always on the move!","publisher":{"@id":"https:\/\/www.duperrex-international.com\/fr\/#organization"},"potentialAction":[{"@type":"SearchAction","target":{"@type":"EntryPoint","urlTemplate":"https:\/\/www.duperrex-international.com\/fr\/?s={search_term_string}"},"query-input":{"@type":"PropertyValueSpecification","valueRequired":true,"valueName":"search_term_string"}}],"inLanguage":"fr-FR"},{"@type":"Organization","@id":"https:\/\/www.duperrex-international.com\/fr\/#organization","name":"Duperrex International Limited","url":"https:\/\/www.duperrex-international.com\/fr\/","logo":{"@type":"ImageObject","inLanguage":"fr-FR","@id":"https:\/\/www.duperrex-international.com\/fr\/#\/schema\/logo\/image\/","url":"https:\/\/www.duperrex-international.com\/wp-content\/uploads\/2025\/01\/Duperrex-International-pdf.jpg","contentUrl":"https:\/\/www.duperrex-international.com\/wp-content\/uploads\/2025\/01\/Duperrex-International-pdf.jpg","width":670,"height":130,"caption":"Duperrex International Limited"},"image":{"@id":"https:\/\/www.duperrex-international.com\/fr\/#\/schema\/logo\/image\/"},"sameAs":["https:\/\/www.instagram.com\/duperrex.freres.sa\/"]}]}},"_links":{"self":[{"href":"https:\/\/www.duperrex-international.com\/fr\/wp-json\/wp\/v2\/pages\/104","targetHints":{"allow":["GET"]}}],"collection":[{"href":"https:\/\/www.duperrex-international.com\/fr\/wp-json\/wp\/v2\/pages"}],"about":[{"href":"https:\/\/www.duperrex-international.com\/fr\/wp-json\/wp\/v2\/types\/page"}],"author":[{"embeddable":true,"href":"https:\/\/www.duperrex-international.com\/fr\/wp-json\/wp\/v2\/users\/2"}],"replies":[{"embeddable":true,"href":"https:\/\/www.duperrex-international.com\/fr\/wp-json\/wp\/v2\/comments?post=104"}],"version-history":[{"count":23,"href":"https:\/\/www.duperrex-international.com\/fr\/wp-json\/wp\/v2\/pages\/104\/revisions"}],"predecessor-version":[{"id":2230,"href":"https:\/\/www.duperrex-international.com\/fr\/wp-json\/wp\/v2\/pages\/104\/revisions\/2230"}],"wp:attachment":[{"href":"https:\/\/www.duperrex-international.com\/fr\/wp-json\/wp\/v2\/media?parent=104"}],"curies":[{"name":"wp","href":"https:\/\/api.w.org\/{rel}","templated":true}]}}