{"id":60,"date":"2022-10-19T11:21:42","date_gmt":"2022-10-19T09:21:42","guid":{"rendered":"https:\/\/www.duperrex-international.com\/?page_id=60"},"modified":"2025-03-14T09:19:51","modified_gmt":"2025-03-14T08:19:51","slug":"conditions-generales","status":"publish","type":"page","link":"https:\/\/www.duperrex-international.com\/fr\/conditions-generales\/","title":{"rendered":"Conditions G\u00e9n\u00e9rales"},"content":{"rendered":"<p>[et_pb_section fb_built=\u00a0\u00bb1&Prime; _builder_version=\u00a0\u00bb4.18.0&Prime; _module_preset=\u00a0\u00bbdefault\u00a0\u00bb global_colors_info=\u00a0\u00bb{}\u00a0\u00bb][et_pb_row module_id=\u00a0\u00bbpolconf\u00a0\u00bb _builder_version=\u00a0\u00bb4.19.2&Prime; _module_preset=\u00a0\u00bbdefault\u00a0\u00bb background_color=\u00a0\u00bb#F3F3F3&Prime; custom_margin=\u00a0\u00bb50px||70px||false|false\u00a0\u00bb custom_padding=\u00a0\u00bb|20px||20px|false|false\u00a0\u00bb global_colors_info=\u00a0\u00bb{}\u00a0\u00bb][et_pb_column type=\u00a0\u00bb4_4&Prime; _builder_version=\u00a0\u00bb4.18.0&Prime; _module_preset=\u00a0\u00bbdefault\u00a0\u00bb global_colors_info=\u00a0\u00bb{}\u00a0\u00bb][et_pb_text _builder_version=\u00a0\u00bb4.18.0&Prime; _module_preset=\u00a0\u00bbdefault\u00a0\u00bb header_text_color=\u00a0\u00bb#C42815&Prime; header_2_text_color=\u00a0\u00bb#C42815&Prime; global_colors_info=\u00a0\u00bb{}\u00a0\u00bb]<\/p>\n<h2>Politique de confidentialit\u00e9<\/h2>\n<p>[\/et_pb_text][et_pb_text _builder_version=\u00a0\u00bb4.19.4&Prime; _module_preset=\u00a0\u00bbdefault\u00a0\u00bb global_colors_info=\u00a0\u00bb{}\u00a0\u00bb]<\/p>\n<p style=\"text-align: justify;\">Duperrex International Limited collecte uniquement les donn\u00e9es personnelles n\u00e9cessaires \u00e0 son activit\u00e9 et les utilise exclusivement \u00e0 des fins professionnelles.<\/p>\n<p style=\"text-align: justify;\">Ces informations sont stock\u00e9es sur un serveur interne s\u00e9curis\u00e9.<\/p>\n<p style=\"text-align: justify;\">Afin d\u2019assurer le bon d\u00e9roulement de ses activit\u00e9s, Duperrex International Limited peut transmettre des donn\u00e9es personnelles \u00e0 ses soci\u00e9t\u00e9s partenaires. Toutefois, ces donn\u00e9es ne sont pas transmises \u00e0 des personnes ou des entreprises non autoris\u00e9es.<\/p>\n<p style=\"text-align: justify;\">Nous appr\u00e9cions la confiance que vous nous t\u00e9moignez en nous confiant vos informations personnelles et mettons, d\u00e8s lors, tout en oeuvre pour les prot\u00e9ger. N\u00e9anmoins, rappelez-vous qu\u2019aucun moyen d\u2019\u00e9change de donn\u00e9es par internet ou de stockage \u00e9lectronique n\u2019est s\u00fbre et fiable \u00e0 100% et nous ne pouvons garantir une s\u00e9curit\u00e9 absolue.<\/p>\n<p style=\"text-align: justify;\">Vous avez \u00e0 tout moment la possibilit\u00e9 de nous contacter pour conna\u00eetre vos donn\u00e9es personnelles dont nous disposons et, si n\u00e9cessaire, nous demander de les supprimer (chose que nous ferons imm\u00e9diatement).<\/p>\n<p style=\"text-align: justify;\">Sur notre site internet, vous trouverez des liens qui vous redirigent sur d\u2019autres sites internet. Tous ne sont pas op\u00e9r\u00e9s par Duperrex International Limited . Nous vous recommandons donc vivement de consulter leur politique de confidentialit\u00e9.<\/p>\n<p style=\"text-align: justify;\">Nous pouvons mettre \u00e0 jour notre politique de confidentialit\u00e9 de fa\u00e7on ponctuelle. D\u00e8s lors, nous vous recommandons de la parcourir p\u00e9riodiquement pour \u00eatre inform\u00e9 de tout changement.<\/p>\n<p style=\"text-align: justify;\">Pour toute question ou suggestion en lien avec notre politique de confidentialit\u00e9, n\u2019h\u00e9sitez pas \u00e0 nous contacter.<\/p>\n<p style=\"text-align: justify;\"><em>Duperrex International Limited<\/em><\/p>\n<p>[\/et_pb_text][\/et_pb_column][\/et_pb_row][\/et_pb_section]<\/p>\n","protected":false},"excerpt":{"rendered":"<p>Politique de confidentialit\u00e9Duperrex International Limited collecte uniquement les donn\u00e9es personnelles n\u00e9cessaires \u00e0 son activit\u00e9 et les utilise exclusivement \u00e0 des fins professionnelles. Ces informations sont stock\u00e9es sur un serveur interne s\u00e9curis\u00e9. Afin d\u2019assurer le bon d\u00e9roulement de ses activit\u00e9s, Duperrex International Limited peut transmettre des donn\u00e9es personnelles \u00e0 ses soci\u00e9t\u00e9s partenaires. Toutefois, ces donn\u00e9es ne [&hellip;]<\/p>\n","protected":false},"author":2,"featured_media":0,"parent":0,"menu_order":0,"comment_status":"closed","ping_status":"closed","template":"","meta":{"_et_pb_use_builder":"on","_et_pb_old_content":"","_et_gb_content_width":"","footnotes":""},"class_list":["post-60","page","type-page","status-publish","hentry"],"yoast_head":"<!-- This site is optimized with the Yoast SEO Premium plugin v25.3 (Yoast SEO v27.1.1) - https:\/\/yoast.com\/product\/yoast-seo-premium-wordpress\/ -->\n<title>Conditions G\u00e9n\u00e9rales - Duperrex International Limited<\/title>\n<meta name=\"robots\" content=\"index, follow, max-snippet:-1, max-image-preview:large, max-video-preview:-1\" \/>\n<link rel=\"canonical\" href=\"https:\/\/www.duperrex-international.com\/fr\/conditions-generales\/\" \/>\n<meta property=\"og:locale\" content=\"fr_FR\" \/>\n<meta property=\"og:type\" content=\"article\" \/>\n<meta property=\"og:title\" content=\"Conditions G\u00e9n\u00e9rales\" \/>\n<meta property=\"og:description\" content=\"Politique de confidentialit\u00e9Duperrex International Limited collecte uniquement les donn\u00e9es personnelles n\u00e9cessaires \u00e0 son activit\u00e9 et les utilise exclusivement \u00e0 des fins professionnelles. Ces informations sont stock\u00e9es sur un serveur interne s\u00e9curis\u00e9. Afin d\u2019assurer le bon d\u00e9roulement de ses activit\u00e9s, Duperrex International Limited peut transmettre des donn\u00e9es personnelles \u00e0 ses soci\u00e9t\u00e9s partenaires. Toutefois, ces donn\u00e9es ne [&hellip;]\" \/>\n<meta property=\"og:url\" content=\"https:\/\/www.duperrex-international.com\/fr\/conditions-generales\/\" \/>\n<meta property=\"og:site_name\" content=\"Duperrex International Limited\" \/>\n<meta property=\"article:modified_time\" content=\"2025-03-14T08:19:51+00:00\" \/>\n<meta name=\"twitter:card\" content=\"summary_large_image\" \/>\n<meta name=\"twitter:label1\" content=\"Dur\u00e9e de lecture estim\u00e9e\" \/>\n\t<meta name=\"twitter:data1\" content=\"2 minutes\" \/>\n<script type=\"application\/ld+json\" class=\"yoast-schema-graph\">{\"@context\":\"https:\/\/schema.org\",\"@graph\":[{\"@type\":\"WebPage\",\"@id\":\"https:\/\/www.duperrex-international.com\/fr\/conditions-generales\/\",\"url\":\"https:\/\/www.duperrex-international.com\/fr\/conditions-generales\/\",\"name\":\"Conditions G\u00e9n\u00e9rales - Duperrex International Limited\",\"isPartOf\":{\"@id\":\"https:\/\/www.duperrex-international.com\/fr\/#website\"},\"datePublished\":\"2022-10-19T09:21:42+00:00\",\"dateModified\":\"2025-03-14T08:19:51+00:00\",\"breadcrumb\":{\"@id\":\"https:\/\/www.duperrex-international.com\/fr\/conditions-generales\/#breadcrumb\"},\"inLanguage\":\"fr-FR\",\"potentialAction\":[{\"@type\":\"ReadAction\",\"target\":[\"https:\/\/www.duperrex-international.com\/fr\/conditions-generales\/\"]}]},{\"@type\":\"BreadcrumbList\",\"@id\":\"https:\/\/www.duperrex-international.com\/fr\/conditions-generales\/#breadcrumb\",\"itemListElement\":[{\"@type\":\"ListItem\",\"position\":1,\"name\":\"Accueil\",\"item\":\"https:\/\/www.duperrex-international.com\/fr\/\"},{\"@type\":\"ListItem\",\"position\":2,\"name\":\"Conditions G\u00e9n\u00e9rales\"}]},{\"@type\":\"WebSite\",\"@id\":\"https:\/\/www.duperrex-international.com\/fr\/#website\",\"url\":\"https:\/\/www.duperrex-international.com\/fr\/\",\"name\":\"Duperrex International Limited\",\"description\":\"Always on the move!\",\"publisher\":{\"@id\":\"https:\/\/www.duperrex-international.com\/fr\/#organization\"},\"potentialAction\":[{\"@type\":\"SearchAction\",\"target\":{\"@type\":\"EntryPoint\",\"urlTemplate\":\"https:\/\/www.duperrex-international.com\/fr\/?s={search_term_string}\"},\"query-input\":{\"@type\":\"PropertyValueSpecification\",\"valueRequired\":true,\"valueName\":\"search_term_string\"}}],\"inLanguage\":\"fr-FR\"},{\"@type\":\"Organization\",\"@id\":\"https:\/\/www.duperrex-international.com\/fr\/#organization\",\"name\":\"Duperrex International Limited\",\"url\":\"https:\/\/www.duperrex-international.com\/fr\/\",\"logo\":{\"@type\":\"ImageObject\",\"inLanguage\":\"fr-FR\",\"@id\":\"https:\/\/www.duperrex-international.com\/fr\/#\/schema\/logo\/image\/\",\"url\":\"https:\/\/www.duperrex-international.com\/wp-content\/uploads\/2025\/01\/Duperrex-International-pdf.jpg\",\"contentUrl\":\"https:\/\/www.duperrex-international.com\/wp-content\/uploads\/2025\/01\/Duperrex-International-pdf.jpg\",\"width\":670,\"height\":130,\"caption\":\"Duperrex International Limited\"},\"image\":{\"@id\":\"https:\/\/www.duperrex-international.com\/fr\/#\/schema\/logo\/image\/\"},\"sameAs\":[\"https:\/\/www.instagram.com\/duperrex.freres.sa\/\"]}]}<\/script>\n<!-- \/ Yoast SEO Premium plugin. -->","yoast_head_json":{"title":"Conditions G\u00e9n\u00e9rales - Duperrex International Limited","robots":{"index":"index","follow":"follow","max-snippet":"max-snippet:-1","max-image-preview":"max-image-preview:large","max-video-preview":"max-video-preview:-1"},"canonical":"https:\/\/www.duperrex-international.com\/fr\/conditions-generales\/","og_locale":"fr_FR","og_type":"article","og_title":"Conditions G\u00e9n\u00e9rales","og_description":"Politique de confidentialit\u00e9Duperrex International Limited collecte uniquement les donn\u00e9es personnelles n\u00e9cessaires \u00e0 son activit\u00e9 et les utilise exclusivement \u00e0 des fins professionnelles. Ces informations sont stock\u00e9es sur un serveur interne s\u00e9curis\u00e9. Afin d\u2019assurer le bon d\u00e9roulement de ses activit\u00e9s, Duperrex International Limited peut transmettre des donn\u00e9es personnelles \u00e0 ses soci\u00e9t\u00e9s partenaires. Toutefois, ces donn\u00e9es ne [&hellip;]","og_url":"https:\/\/www.duperrex-international.com\/fr\/conditions-generales\/","og_site_name":"Duperrex International Limited","article_modified_time":"2025-03-14T08:19:51+00:00","twitter_card":"summary_large_image","twitter_misc":{"Dur\u00e9e de lecture estim\u00e9e":"2 minutes"},"schema":{"@context":"https:\/\/schema.org","@graph":[{"@type":"WebPage","@id":"https:\/\/www.duperrex-international.com\/fr\/conditions-generales\/","url":"https:\/\/www.duperrex-international.com\/fr\/conditions-generales\/","name":"Conditions G\u00e9n\u00e9rales - Duperrex International Limited","isPartOf":{"@id":"https:\/\/www.duperrex-international.com\/fr\/#website"},"datePublished":"2022-10-19T09:21:42+00:00","dateModified":"2025-03-14T08:19:51+00:00","breadcrumb":{"@id":"https:\/\/www.duperrex-international.com\/fr\/conditions-generales\/#breadcrumb"},"inLanguage":"fr-FR","potentialAction":[{"@type":"ReadAction","target":["https:\/\/www.duperrex-international.com\/fr\/conditions-generales\/"]}]},{"@type":"BreadcrumbList","@id":"https:\/\/www.duperrex-international.com\/fr\/conditions-generales\/#breadcrumb","itemListElement":[{"@type":"ListItem","position":1,"name":"Accueil","item":"https:\/\/www.duperrex-international.com\/fr\/"},{"@type":"ListItem","position":2,"name":"Conditions G\u00e9n\u00e9rales"}]},{"@type":"WebSite","@id":"https:\/\/www.duperrex-international.com\/fr\/#website","url":"https:\/\/www.duperrex-international.com\/fr\/","name":"Duperrex International Limited","description":"Always on the move!","publisher":{"@id":"https:\/\/www.duperrex-international.com\/fr\/#organization"},"potentialAction":[{"@type":"SearchAction","target":{"@type":"EntryPoint","urlTemplate":"https:\/\/www.duperrex-international.com\/fr\/?s={search_term_string}"},"query-input":{"@type":"PropertyValueSpecification","valueRequired":true,"valueName":"search_term_string"}}],"inLanguage":"fr-FR"},{"@type":"Organization","@id":"https:\/\/www.duperrex-international.com\/fr\/#organization","name":"Duperrex International Limited","url":"https:\/\/www.duperrex-international.com\/fr\/","logo":{"@type":"ImageObject","inLanguage":"fr-FR","@id":"https:\/\/www.duperrex-international.com\/fr\/#\/schema\/logo\/image\/","url":"https:\/\/www.duperrex-international.com\/wp-content\/uploads\/2025\/01\/Duperrex-International-pdf.jpg","contentUrl":"https:\/\/www.duperrex-international.com\/wp-content\/uploads\/2025\/01\/Duperrex-International-pdf.jpg","width":670,"height":130,"caption":"Duperrex International Limited"},"image":{"@id":"https:\/\/www.duperrex-international.com\/fr\/#\/schema\/logo\/image\/"},"sameAs":["https:\/\/www.instagram.com\/duperrex.freres.sa\/"]}]}},"_links":{"self":[{"href":"https:\/\/www.duperrex-international.com\/fr\/wp-json\/wp\/v2\/pages\/60","targetHints":{"allow":["GET"]}}],"collection":[{"href":"https:\/\/www.duperrex-international.com\/fr\/wp-json\/wp\/v2\/pages"}],"about":[{"href":"https:\/\/www.duperrex-international.com\/fr\/wp-json\/wp\/v2\/types\/page"}],"author":[{"embeddable":true,"href":"https:\/\/www.duperrex-international.com\/fr\/wp-json\/wp\/v2\/users\/2"}],"replies":[{"embeddable":true,"href":"https:\/\/www.duperrex-international.com\/fr\/wp-json\/wp\/v2\/comments?post=60"}],"version-history":[{"count":12,"href":"https:\/\/www.duperrex-international.com\/fr\/wp-json\/wp\/v2\/pages\/60\/revisions"}],"predecessor-version":[{"id":2235,"href":"https:\/\/www.duperrex-international.com\/fr\/wp-json\/wp\/v2\/pages\/60\/revisions\/2235"}],"wp:attachment":[{"href":"https:\/\/www.duperrex-international.com\/fr\/wp-json\/wp\/v2\/media?parent=60"}],"curies":[{"name":"wp","href":"https:\/\/api.w.org\/{rel}","templated":true}]}}