{"id":656,"date":"2022-11-15T17:52:07","date_gmt":"2022-11-15T16:52:07","guid":{"rendered":"https:\/\/www.duperrex-international.com\/?page_id=656"},"modified":"2025-03-11T15:59:54","modified_gmt":"2025-03-11T14:59:54","slug":"carrieres","status":"publish","type":"page","link":"https:\/\/www.duperrex-international.com\/fr\/carrieres\/","title":{"rendered":"Emploi"},"content":{"rendered":"<p>[et_pb_section fb_built=\u00a0\u00bb1&Prime; _builder_version=\u00a0\u00bb4.20.2&Prime; _module_preset=\u00a0\u00bbdefault\u00a0\u00bb background_color=\u00a0\u00bbRGBA(255,255,255,0)\u00a0\u00bb background_image=\u00a0\u00bbhttps:\/\/www.duperrex-international.com\/wp-content\/uploads\/2023\/04\/Engagement-horizontal.png\u00a0\u00bb background_size=\u00a0\u00bbcustom\u00a0\u00bb background_image_width=\u00a0\u00bb55%\u00a0\u00bb background_blend=\u00a0\u00bbmultiply\u00a0\u00bb width=\u00a0\u00bb100%\u00a0\u00bb module_alignment=\u00a0\u00bbcenter\u00a0\u00bb min_height=\u00a0\u00bb450px\u00a0\u00bb background_last_edited=\u00a0\u00bbon|phone\u00a0\u00bb background_image_phone=\u00a0\u00bbhttps:\/\/www.duperrex-international.com\/wp-content\/uploads\/2023\/04\/Engagement-vertical.png\u00a0\u00bb background_enable_image_phone=\u00a0\u00bbon\u00a0\u00bb background_size_phone=\u00a0\u00bbcover\u00a0\u00bb border_width_bottom=\u00a0\u00bb1px\u00a0\u00bb border_color_bottom=\u00a0\u00bb#C42815&Prime; global_colors_info=\u00a0\u00bb{}\u00a0\u00bb][\/et_pb_section][et_pb_section fb_built=\u00a0\u00bb1&Prime; _builder_version=\u00a0\u00bb4.18.0&Prime; _module_preset=\u00a0\u00bbdefault\u00a0\u00bb global_colors_info=\u00a0\u00bb{}\u00a0\u00bb][et_pb_row _builder_version=\u00a0\u00bb4.18.0&Prime; _module_preset=\u00a0\u00bbdefault\u00a0\u00bb custom_margin=\u00a0\u00bb||||false|false\u00a0\u00bb global_colors_info=\u00a0\u00bb{}\u00a0\u00bb][et_pb_column type=\u00a0\u00bb4_4&Prime; _builder_version=\u00a0\u00bb4.18.0&Prime; _module_preset=\u00a0\u00bbdefault\u00a0\u00bb global_colors_info=\u00a0\u00bb{}\u00a0\u00bb][et_pb_text _builder_version=\u00a0\u00bb4.27.4&Prime; _module_preset=\u00a0\u00bbdefault\u00a0\u00bb header_text_color=\u00a0\u00bb#C42815&Prime; custom_margin=\u00a0\u00bb||47px||false|false\u00a0\u00bb global_colors_info=\u00a0\u00bb{}\u00a0\u00bb]<\/p>\n<h1 style=\"text-align: center;\"><strong>Rejoignez l\u2019\u00e9quipe<\/strong><\/h1>\n<p>[\/et_pb_text][et_pb_text _builder_version=\u00a0\u00bb4.27.2&Prime; _module_preset=\u00a0\u00bbdefault\u00a0\u00bb global_colors_info=\u00a0\u00bb{}\u00a0\u00bb]<\/p>\n<p style=\"text-align: center;\">Nous sommes \u00e0 la recherche de <strong>nouveaux talents<\/strong> pour renforcer notre \u00e9quipe et contribuer \u00e0 l\u2019essor de nos activit\u00e9s.<\/p>\n<p style=\"text-align: center;\">Vous souhaitez \u00e9voluer dans un environnement dynamique et participer au succ\u00e8s de projets internationaux ? Envoyez-nous votre candidature spontan\u00e9e d\u00e8s aujourd\u2019hui.<\/p>\n<p style=\"text-align: center;\">Nous serons ravis d\u2019\u00e9tudier votre profil et d\u2019explorer ensemble les opportunit\u00e9s qui pourraient correspondre \u00e0 vos comp\u00e9tences et aspirations.<\/p>\n<p style=\"text-align: center;\">Adressez-nous votre CV et lettre de motivation \u00e0:<\/p>\n<p>[\/et_pb_text][et_pb_button button_url=\u00a0\u00bbmailto:rh@duperrex.ch\u00a0\u00bb url_new_window=\u00a0\u00bbon\u00a0\u00bb button_text=\u00a0\u00bbrh@duperrex.ch\u00a0\u00bb button_alignment=\u00a0\u00bbcenter\u00a0\u00bb _builder_version=\u00a0\u00bb4.20.2&Prime; _module_preset=\u00a0\u00bbdefault\u00a0\u00bb global_colors_info=\u00a0\u00bb{}\u00a0\u00bb][\/et_pb_button][\/et_pb_column][\/et_pb_row][\/et_pb_section]<\/p>\n","protected":false},"excerpt":{"rendered":"<p>Rejoignez l\u2019\u00e9quipeNous sommes \u00e0 la recherche de nouveaux talents pour renforcer notre \u00e9quipe et contribuer \u00e0 l\u2019essor de nos activit\u00e9s. Vous souhaitez \u00e9voluer dans un environnement dynamique et participer au succ\u00e8s de projets internationaux ? Envoyez-nous votre candidature spontan\u00e9e d\u00e8s aujourd\u2019hui. Nous serons ravis d\u2019\u00e9tudier votre profil et d\u2019explorer ensemble les opportunit\u00e9s qui pourraient correspondre [&hellip;]<\/p>\n","protected":false},"author":2,"featured_media":0,"parent":0,"menu_order":0,"comment_status":"closed","ping_status":"closed","template":"","meta":{"_et_pb_use_builder":"on","_et_pb_old_content":"","_et_gb_content_width":"","footnotes":""},"class_list":["post-656","page","type-page","status-publish","hentry"],"yoast_head":"<!-- This site is optimized with the Yoast SEO Premium plugin v25.3 (Yoast SEO v27.1.1) - https:\/\/yoast.com\/product\/yoast-seo-premium-wordpress\/ -->\n<title>Emploi - Duperrex International Limited<\/title>\n<meta name=\"description\" content=\"Rejoignez Duperrex International et contribuez \u00e0 des projets internationaux. Nous recherchons des talents motiv\u00e9s pour renforcer notre \u00e9quipe. Envoyez votre candidature!\" \/>\n<meta name=\"robots\" content=\"index, follow, max-snippet:-1, max-image-preview:large, max-video-preview:-1\" \/>\n<link rel=\"canonical\" href=\"https:\/\/www.duperrex-international.com\/fr\/carrieres\/\" \/>\n<meta property=\"og:locale\" content=\"fr_FR\" \/>\n<meta property=\"og:type\" content=\"article\" \/>\n<meta property=\"og:title\" content=\"Emploi\" \/>\n<meta property=\"og:description\" content=\"Rejoignez Duperrex International et contribuez \u00e0 des projets internationaux. Nous recherchons des talents motiv\u00e9s pour renforcer notre \u00e9quipe. Envoyez votre candidature!\" \/>\n<meta property=\"og:url\" content=\"https:\/\/www.duperrex-international.com\/fr\/carrieres\/\" \/>\n<meta property=\"og:site_name\" content=\"Duperrex International Limited\" \/>\n<meta property=\"article:modified_time\" content=\"2025-03-11T14:59:54+00:00\" \/>\n<meta name=\"twitter:card\" content=\"summary_large_image\" \/>\n<meta name=\"twitter:label1\" content=\"Dur\u00e9e de lecture estim\u00e9e\" \/>\n\t<meta name=\"twitter:data1\" content=\"1 minute\" \/>\n<script type=\"application\/ld+json\" class=\"yoast-schema-graph\">{\"@context\":\"https:\/\/schema.org\",\"@graph\":[{\"@type\":\"WebPage\",\"@id\":\"https:\/\/www.duperrex-international.com\/fr\/carrieres\/\",\"url\":\"https:\/\/www.duperrex-international.com\/fr\/carrieres\/\",\"name\":\"Emploi - Duperrex International Limited\",\"isPartOf\":{\"@id\":\"https:\/\/www.duperrex-international.com\/fr\/#website\"},\"datePublished\":\"2022-11-15T16:52:07+00:00\",\"dateModified\":\"2025-03-11T14:59:54+00:00\",\"description\":\"Rejoignez Duperrex International et contribuez \u00e0 des projets internationaux. Nous recherchons des talents motiv\u00e9s pour renforcer notre \u00e9quipe. Envoyez votre candidature!\",\"breadcrumb\":{\"@id\":\"https:\/\/www.duperrex-international.com\/fr\/carrieres\/#breadcrumb\"},\"inLanguage\":\"fr-FR\",\"potentialAction\":[{\"@type\":\"ReadAction\",\"target\":[\"https:\/\/www.duperrex-international.com\/fr\/carrieres\/\"]}]},{\"@type\":\"BreadcrumbList\",\"@id\":\"https:\/\/www.duperrex-international.com\/fr\/carrieres\/#breadcrumb\",\"itemListElement\":[{\"@type\":\"ListItem\",\"position\":1,\"name\":\"Accueil\",\"item\":\"https:\/\/www.duperrex-international.com\/fr\/\"},{\"@type\":\"ListItem\",\"position\":2,\"name\":\"Emploi\"}]},{\"@type\":\"WebSite\",\"@id\":\"https:\/\/www.duperrex-international.com\/fr\/#website\",\"url\":\"https:\/\/www.duperrex-international.com\/fr\/\",\"name\":\"Duperrex International Limited\",\"description\":\"Always on the move!\",\"publisher\":{\"@id\":\"https:\/\/www.duperrex-international.com\/fr\/#organization\"},\"potentialAction\":[{\"@type\":\"SearchAction\",\"target\":{\"@type\":\"EntryPoint\",\"urlTemplate\":\"https:\/\/www.duperrex-international.com\/fr\/?s={search_term_string}\"},\"query-input\":{\"@type\":\"PropertyValueSpecification\",\"valueRequired\":true,\"valueName\":\"search_term_string\"}}],\"inLanguage\":\"fr-FR\"},{\"@type\":\"Organization\",\"@id\":\"https:\/\/www.duperrex-international.com\/fr\/#organization\",\"name\":\"Duperrex International Limited\",\"url\":\"https:\/\/www.duperrex-international.com\/fr\/\",\"logo\":{\"@type\":\"ImageObject\",\"inLanguage\":\"fr-FR\",\"@id\":\"https:\/\/www.duperrex-international.com\/fr\/#\/schema\/logo\/image\/\",\"url\":\"https:\/\/www.duperrex-international.com\/wp-content\/uploads\/2025\/01\/Duperrex-International-pdf.jpg\",\"contentUrl\":\"https:\/\/www.duperrex-international.com\/wp-content\/uploads\/2025\/01\/Duperrex-International-pdf.jpg\",\"width\":670,\"height\":130,\"caption\":\"Duperrex International Limited\"},\"image\":{\"@id\":\"https:\/\/www.duperrex-international.com\/fr\/#\/schema\/logo\/image\/\"},\"sameAs\":[\"https:\/\/www.instagram.com\/duperrex.freres.sa\/\"]}]}<\/script>\n<!-- \/ Yoast SEO Premium plugin. -->","yoast_head_json":{"title":"Emploi - Duperrex International Limited","description":"Rejoignez Duperrex International et contribuez \u00e0 des projets internationaux. Nous recherchons des talents motiv\u00e9s pour renforcer notre \u00e9quipe. Envoyez votre candidature!","robots":{"index":"index","follow":"follow","max-snippet":"max-snippet:-1","max-image-preview":"max-image-preview:large","max-video-preview":"max-video-preview:-1"},"canonical":"https:\/\/www.duperrex-international.com\/fr\/carrieres\/","og_locale":"fr_FR","og_type":"article","og_title":"Emploi","og_description":"Rejoignez Duperrex International et contribuez \u00e0 des projets internationaux. Nous recherchons des talents motiv\u00e9s pour renforcer notre \u00e9quipe. Envoyez votre candidature!","og_url":"https:\/\/www.duperrex-international.com\/fr\/carrieres\/","og_site_name":"Duperrex International Limited","article_modified_time":"2025-03-11T14:59:54+00:00","twitter_card":"summary_large_image","twitter_misc":{"Dur\u00e9e de lecture estim\u00e9e":"1 minute"},"schema":{"@context":"https:\/\/schema.org","@graph":[{"@type":"WebPage","@id":"https:\/\/www.duperrex-international.com\/fr\/carrieres\/","url":"https:\/\/www.duperrex-international.com\/fr\/carrieres\/","name":"Emploi - Duperrex International Limited","isPartOf":{"@id":"https:\/\/www.duperrex-international.com\/fr\/#website"},"datePublished":"2022-11-15T16:52:07+00:00","dateModified":"2025-03-11T14:59:54+00:00","description":"Rejoignez Duperrex International et contribuez \u00e0 des projets internationaux. Nous recherchons des talents motiv\u00e9s pour renforcer notre \u00e9quipe. Envoyez votre candidature!","breadcrumb":{"@id":"https:\/\/www.duperrex-international.com\/fr\/carrieres\/#breadcrumb"},"inLanguage":"fr-FR","potentialAction":[{"@type":"ReadAction","target":["https:\/\/www.duperrex-international.com\/fr\/carrieres\/"]}]},{"@type":"BreadcrumbList","@id":"https:\/\/www.duperrex-international.com\/fr\/carrieres\/#breadcrumb","itemListElement":[{"@type":"ListItem","position":1,"name":"Accueil","item":"https:\/\/www.duperrex-international.com\/fr\/"},{"@type":"ListItem","position":2,"name":"Emploi"}]},{"@type":"WebSite","@id":"https:\/\/www.duperrex-international.com\/fr\/#website","url":"https:\/\/www.duperrex-international.com\/fr\/","name":"Duperrex International Limited","description":"Always on the move!","publisher":{"@id":"https:\/\/www.duperrex-international.com\/fr\/#organization"},"potentialAction":[{"@type":"SearchAction","target":{"@type":"EntryPoint","urlTemplate":"https:\/\/www.duperrex-international.com\/fr\/?s={search_term_string}"},"query-input":{"@type":"PropertyValueSpecification","valueRequired":true,"valueName":"search_term_string"}}],"inLanguage":"fr-FR"},{"@type":"Organization","@id":"https:\/\/www.duperrex-international.com\/fr\/#organization","name":"Duperrex International Limited","url":"https:\/\/www.duperrex-international.com\/fr\/","logo":{"@type":"ImageObject","inLanguage":"fr-FR","@id":"https:\/\/www.duperrex-international.com\/fr\/#\/schema\/logo\/image\/","url":"https:\/\/www.duperrex-international.com\/wp-content\/uploads\/2025\/01\/Duperrex-International-pdf.jpg","contentUrl":"https:\/\/www.duperrex-international.com\/wp-content\/uploads\/2025\/01\/Duperrex-International-pdf.jpg","width":670,"height":130,"caption":"Duperrex International Limited"},"image":{"@id":"https:\/\/www.duperrex-international.com\/fr\/#\/schema\/logo\/image\/"},"sameAs":["https:\/\/www.instagram.com\/duperrex.freres.sa\/"]}]}},"_links":{"self":[{"href":"https:\/\/www.duperrex-international.com\/fr\/wp-json\/wp\/v2\/pages\/656","targetHints":{"allow":["GET"]}}],"collection":[{"href":"https:\/\/www.duperrex-international.com\/fr\/wp-json\/wp\/v2\/pages"}],"about":[{"href":"https:\/\/www.duperrex-international.com\/fr\/wp-json\/wp\/v2\/types\/page"}],"author":[{"embeddable":true,"href":"https:\/\/www.duperrex-international.com\/fr\/wp-json\/wp\/v2\/users\/2"}],"replies":[{"embeddable":true,"href":"https:\/\/www.duperrex-international.com\/fr\/wp-json\/wp\/v2\/comments?post=656"}],"version-history":[{"count":11,"href":"https:\/\/www.duperrex-international.com\/fr\/wp-json\/wp\/v2\/pages\/656\/revisions"}],"predecessor-version":[{"id":2211,"href":"https:\/\/www.duperrex-international.com\/fr\/wp-json\/wp\/v2\/pages\/656\/revisions\/2211"}],"wp:attachment":[{"href":"https:\/\/www.duperrex-international.com\/fr\/wp-json\/wp\/v2\/media?parent=656"}],"curies":[{"name":"wp","href":"https:\/\/api.w.org\/{rel}","templated":true}]}}